{"id":4825,"date":"2024-05-08T13:04:31","date_gmt":"2024-05-08T17:04:31","guid":{"rendered":"https:\/\/www.kinatex.com\/?page_id=4825"},"modified":"2025-04-03T11:36:17","modified_gmt":"2025-04-03T15:36:17","slug":"contact-us","status":"publish","type":"page","link":"https:\/\/www.kinatex.com\/en\/contact-us\/","title":{"rendered":"Contact Us"},"content":{"rendered":"    \n\n\n\n\n\n\n\n\n\n\n<section class=\"m-content m-theme m-content--image-double u-mt-fl u-mb-fl u-pt-fl u-pb-fl  u-text-[var(--module-text-color)]\" data-module='m03a' style=\"--pt-min-value: 3; --pt-max-value: 5;   --mt-min-value: 5; --mt-max-value: 14; --mb-min-value: 5; --mb-max-value: 14; --module-background-color: var(--color-secondary-100); --module-text-color: var(--root-color);\">\n    <div class=\"l-container u-pt-fl u-pb-fl u-bg-[var(--module-background-color)] md:u-bg-transparent\" style=\"--pt-min-value: 5; --pt-max-value: 9; --pb-min-value: 5; --pb-max-value: 9; --module-image-offset: clamp(calc(var(--root-baseline) * var(--mb-min-value, 1)), var(--mb-pref-value), calc(var(--root-baseline) * var(--mb-max-value, 4))); --module-container-offset: clamp(calc(var(--root-baseline) * var(--pb-min-value, 1)), var(--pb-pref-value), calc(var(--root-baseline) * var(--pb-max-value, 4))); \">\n                            \n            \n            \n\n\n\n\n\n\t\n\n\n\n\n\t<main class=\"l-grid   l-grid--2@md   u-items-center  u-justify-start u-gap-y-[var(--row-gap)] u-text-left\" style=\"--row-gap: calc(var(--root-baseline) * 4); --grid-gutter: calc(var(--root-baseline) * 5 \/ 2);\"> \t\t\n\t\t<div class=\"l-grid__block\">\n\t\t\t\t\t\t\t\t\t\t\t\t\n\n\n\n\n\n\n\n\n\n\n\n\n\n\n\n\n\n\n<picture     \n                        \n                                        \n                                    \n    class=\"c-image\"\n>\n    <div class=\"c-image__body\">\n        \n        \n        \n                    <source\n                media=\"(min-width: 600px)\"\n                srcset=\"https:\/\/www.kinatex.com\/wp-content\/uploads\/2025\/04\/page-carriere-coordo-1.jpg\"\n                type=\"image\/jpeg\"\n            >\n                    <source\n                media=\"(min-width: 320px)\"\n                srcset=\"https:\/\/www.kinatex.com\/wp-content\/uploads\/2025\/04\/page-carriere-coordo-1.jpg\"\n                type=\"image\/jpeg\"\n            >\n                <img loading=\"lazy\" decoding=\"async\"     \n                        \n                                        \n                                            \n                                        \n                                            \n                                        \n                                            \n                                        \n                                            \n                                        \n                                                                    \n                                        \n                                            \n                                                                            \n                        \n    class=\"u-object-cover u-aspect-[var(--image-ratio)]   u-root-border-fl\" src=\"https:\/\/www.kinatex.com\/wp-content\/uploads\/2025\/04\/page-carriere-coordo-1.jpg\" alt=\"D\u00e9couvrez les programmes et les avantages de carri\u00e8res chez Kinatex Sports Physio, Qu\u00e9bec et Ontario.\" width=\"420\" height=\"540\" fetchpriority=\"auto\" style=\"--image-ratio:7\/9;\"\n\/>\n    <\/div>\n\n            <div class=\"c-image-caption c-image-caption--is-tag u-mt-fl u-mb-fl lg:u-hidden\"\n            style=\"\n                --mt-min-value: 2;\n                --mt-max-value: 3;\n                --mb-min-value: 2;\n                --mb-max-value: 3;\n                --image-caption-background-color: var(--color-root-white);;\n            \"\n        >\n                            <div class=\"c-image-caption__label\">\n                    Multiple Benefits\n                <\/div>\n                    <\/div>\n    <\/picture>\n\n\t\t\t\t\t\t\t\t\t\t\t\t\t\t\t\t\n\n\n\n\n\n\n\n\n\n\n\n\n\n\n\n\n\n\n<picture     \n                        \n                                        \n                                    \n    class=\"c-image\"\n>\n    <div class=\"c-image__body\">\n        \n        \n        \n                    <source\n                media=\"(min-width: 600px)\"\n                srcset=\"https:\/\/www.kinatex.com\/wp-content\/uploads\/2025\/04\/a-propos-2-page.jpg\"\n                type=\"image\/jpeg\"\n            >\n                    <source\n                media=\"(min-width: 320px)\"\n                srcset=\"https:\/\/www.kinatex.com\/wp-content\/uploads\/2025\/04\/a-propos-2-page-520x670.jpg\"\n                type=\"image\/jpeg\"\n            >\n                <img loading=\"lazy\" decoding=\"async\"     \n                        \n                                        \n                                            \n                                        \n                                            \n                                        \n                                            \n                                        \n                                            \n                                        \n                                                                    \n                                        \n                                            \n                                                                            \n                        \n    class=\"u-object-cover u-aspect-[var(--image-ratio)]   u-root-border-fl\" src=\"https:\/\/www.kinatex.com\/wp-content\/uploads\/2025\/04\/a-propos-2-page.jpg\" alt=\"Soins adapt\u00e9s \u00e0 vos besoins sp\u00e9cifiques pour vous aider \u00e0 rester en forme chez Kinatex Sports Physio, Qu\u00e9bec et Ontario.\" width=\"776\" height=\"1018\" fetchpriority=\"auto\" style=\"--image-ratio:7\/9;\"\n\/>\n    <\/div>\n\n            <div class=\"c-image-caption c-image-caption--is-tag u-mt-fl u-mb-fl \"\n            style=\"\n                --mt-min-value: 2;\n                --mt-max-value: 3;\n                --mb-min-value: 2;\n                --mb-max-value: 3;\n                --image-caption-background-color: var(--color-root-white);;\n            \"\n        >\n                            <div class=\"c-image-caption__label\">\n                    Multiple Benefits\n                <\/div>\n                    <\/div>\n    <\/picture>\n\n\t\t\t\t\t\t\t\t\t<\/div>\n\t\t\t\n\t\t<div class=\"l-grid__block     u-flex u-flex-col u-gap-y-6 md:u-gap-y-10\">\n\t\t\t\t\t\t\t\t\t\t\t\t\n\n\n\n\n    \n\n\n\n    <h2 class=\"c-title   c-title--200\">\n        A workplace that suits you\n    <\/h2>\n\t\t\t\t\t\t\t\t\t\t\t\t\t\t\t\t\n\n\n\n\n\n\n\n\n<div class=\"c-typography\">\n\n        <p class=\"description\">Therapists who choose to join Kinatex enjoy a host of advantages made possible by strength in numbers. Combined with the sense of complicity and belonging that develops within each clinic, you&#8217;ll have everything you need to ease into your new professional life.<\/p>\n<p class=\"description\">Follow comme Anne-Marie, Pier-Olivier, Ad\u00e8le, Sarah, A\u00efcha &amp; Vicky and come live the Kinatex adventure. We definitely need someone like you on our team.<\/p>\n\n<\/div>\n\t\t\t\t\t\t\t\t\t\t\t\t\t\t\t\t\n\n\n\n\n\n\n\n\n<div class=\"c-actions u-flex-row u-items-center u-justify-start\" style=\"--actions-gap: calc(var(--root-baseline) * 3);\">\n                        \n\n\n\n    \n\n\n\n\n<a href=\"https:\/\/www.kinatex.com\/en\/careers\/\" class=\"c-btn u-text-center c-btn--color-slide           u-w-full sm:u-w-auto\">\n                    <span>Discover our Opportunities<\/span>\n            <\/a>\n            <\/div>\n\t\t\t\t\t\t\t\t\t<\/div>\n\t<\/main>\n                    <\/div>\n<\/section>","protected":false},"excerpt":{"rendered":"","protected":false},"author":2,"featured_media":10468,"parent":0,"menu_order":0,"comment_status":"closed","ping_status":"closed","template":"template-contact.php","meta":{"_acf_changed":false,"footnotes":""},"class_list":["post-4825","page","type-page","status-publish","has-post-thumbnail","hentry"],"acf":[],"yoast_head":"<!-- This site is optimized with the Yoast SEO plugin v27.4 - https:\/\/yoast.com\/product\/yoast-seo-wordpress\/ -->\n<title>Contact Us - Kinatex Sports Physio - Help &amp; Customer Service<\/title>\n<meta name=\"description\" content=\"Need help or information from Kinatex Sports Physio? Please contact us by phone, e-mail or via the form.\" \/>\n<meta name=\"robots\" content=\"index, follow, max-snippet:-1, max-image-preview:large, max-video-preview:-1\" \/>\n<link rel=\"canonical\" href=\"https:\/\/www.kinatex.com\/en\/contact-us\/\" \/>\n<meta property=\"og:locale\" content=\"en_US\" \/>\n<meta property=\"og:type\" content=\"article\" \/>\n<meta property=\"og:title\" content=\"Contact Us - Kinatex Sports Physio - Help &amp; Customer Service\" \/>\n<meta property=\"og:description\" content=\"Need help or information from Kinatex Sports Physio? Please contact us by phone, e-mail or via the form.\" \/>\n<meta property=\"og:url\" content=\"https:\/\/www.kinatex.com\/en\/contact-us\/\" \/>\n<meta property=\"og:site_name\" content=\"Kinatex Sports Physio\" \/>\n<meta property=\"article:publisher\" content=\"https:\/\/www.facebook.com\/Kinatex\" \/>\n<meta property=\"article:modified_time\" content=\"2025-04-03T15:36:17+00:00\" \/>\n<meta property=\"og:image\" content=\"https:\/\/www.kinatex.com\/wp-content\/uploads\/2025\/04\/page-carriere-coordo-1.jpg\" \/>\n\t<meta property=\"og:image:width\" content=\"420\" \/>\n\t<meta property=\"og:image:height\" content=\"540\" \/>\n\t<meta property=\"og:image:type\" content=\"image\/jpeg\" \/>\n<meta name=\"twitter:card\" content=\"summary_large_image\" \/>\n<meta name=\"twitter:label1\" content=\"Est. reading time\" \/>\n\t<meta name=\"twitter:data1\" content=\"1 minute\" \/>\n<script type=\"application\/ld+json\" class=\"yoast-schema-graph\">{\"@context\":\"https:\\\/\\\/schema.org\",\"@graph\":[{\"@type\":\"WebPage\",\"@id\":\"https:\\\/\\\/www.kinatex.com\\\/en\\\/contact-us\\\/\",\"url\":\"https:\\\/\\\/www.kinatex.com\\\/en\\\/contact-us\\\/\",\"name\":\"Contact Us - Kinatex Sports Physio - Help & Customer Service\",\"isPartOf\":{\"@id\":\"https:\\\/\\\/www.kinatex.com\\\/en\\\/#website\"},\"primaryImageOfPage\":{\"@id\":\"https:\\\/\\\/www.kinatex.com\\\/en\\\/contact-us\\\/#primaryimage\"},\"image\":{\"@id\":\"https:\\\/\\\/www.kinatex.com\\\/en\\\/contact-us\\\/#primaryimage\"},\"thumbnailUrl\":\"https:\\\/\\\/www.kinatex.com\\\/wp-content\\\/uploads\\\/2025\\\/04\\\/page-carriere-coordo-1.jpg\",\"datePublished\":\"2024-05-08T17:04:31+00:00\",\"dateModified\":\"2025-04-03T15:36:17+00:00\",\"description\":\"Need help or information from Kinatex Sports Physio? Please contact us by phone, e-mail or via the form.\",\"breadcrumb\":{\"@id\":\"https:\\\/\\\/www.kinatex.com\\\/en\\\/contact-us\\\/#breadcrumb\"},\"inLanguage\":\"en-US\",\"potentialAction\":[{\"@type\":\"ReadAction\",\"target\":[\"https:\\\/\\\/www.kinatex.com\\\/en\\\/contact-us\\\/\"]}]},{\"@type\":\"ImageObject\",\"inLanguage\":\"en-US\",\"@id\":\"https:\\\/\\\/www.kinatex.com\\\/en\\\/contact-us\\\/#primaryimage\",\"url\":\"https:\\\/\\\/www.kinatex.com\\\/wp-content\\\/uploads\\\/2025\\\/04\\\/page-carriere-coordo-1.jpg\",\"contentUrl\":\"https:\\\/\\\/www.kinatex.com\\\/wp-content\\\/uploads\\\/2025\\\/04\\\/page-carriere-coordo-1.jpg\",\"width\":420,\"height\":540,\"caption\":\"D\u00e9couvrez les programmes et les avantages de carri\u00e8res chez Kinatex Sports Physio, Qu\u00e9bec et Ontario.\"},{\"@type\":\"BreadcrumbList\",\"@id\":\"https:\\\/\\\/www.kinatex.com\\\/en\\\/contact-us\\\/#breadcrumb\",\"itemListElement\":[{\"@type\":\"ListItem\",\"position\":1,\"name\":\"Accueil\",\"item\":\"https:\\\/\\\/www.kinatex.com\\\/en\\\/\"},{\"@type\":\"ListItem\",\"position\":2,\"name\":\"Contact Us\"}]},{\"@type\":\"WebSite\",\"@id\":\"https:\\\/\\\/www.kinatex.com\\\/en\\\/#website\",\"url\":\"https:\\\/\\\/www.kinatex.com\\\/en\\\/\",\"name\":\"Kinatex Sports Physio\",\"description\":\"\",\"publisher\":{\"@id\":\"https:\\\/\\\/www.kinatex.com\\\/en\\\/#organization\"},\"potentialAction\":[{\"@type\":\"SearchAction\",\"target\":{\"@type\":\"EntryPoint\",\"urlTemplate\":\"https:\\\/\\\/www.kinatex.com\\\/en\\\/?s={search_term_string}\"},\"query-input\":{\"@type\":\"PropertyValueSpecification\",\"valueRequired\":true,\"valueName\":\"search_term_string\"}}],\"inLanguage\":\"en-US\"},{\"@type\":\"Organization\",\"@id\":\"https:\\\/\\\/www.kinatex.com\\\/en\\\/#organization\",\"name\":\"Kinatex Sports Physio\",\"url\":\"https:\\\/\\\/www.kinatex.com\\\/en\\\/\",\"logo\":{\"@type\":\"ImageObject\",\"inLanguage\":\"en-US\",\"@id\":\"https:\\\/\\\/www.kinatex.com\\\/en\\\/#\\\/schema\\\/logo\\\/image\\\/\",\"url\":\"https:\\\/\\\/www.kinatex.com\\\/wp-content\\\/uploads\\\/2024\\\/04\\\/logo-kinatex.png\",\"contentUrl\":\"https:\\\/\\\/www.kinatex.com\\\/wp-content\\\/uploads\\\/2024\\\/04\\\/logo-kinatex.png\",\"width\":286,\"height\":51,\"caption\":\"Kinatex Sports Physio\"},\"image\":{\"@id\":\"https:\\\/\\\/www.kinatex.com\\\/en\\\/#\\\/schema\\\/logo\\\/image\\\/\"},\"sameAs\":[\"https:\\\/\\\/www.facebook.com\\\/Kinatex\",\"https:\\\/\\\/www.instagram.com\\\/kinatexsportsphysio\\\/\",\"https:\\\/\\\/www.linkedin.com\\\/company\\\/kinatex\\\/\",\"https:\\\/\\\/www.youtube.com\\\/c\\\/KinatexSportsPhysio\"]}]}<\/script>\n<!-- \/ Yoast SEO plugin. -->","yoast_head_json":{"title":"Contact Us - Kinatex Sports Physio - Help & Customer Service","description":"Need help or information from Kinatex Sports Physio? Please contact us by phone, e-mail or via the form.","robots":{"index":"index","follow":"follow","max-snippet":"max-snippet:-1","max-image-preview":"max-image-preview:large","max-video-preview":"max-video-preview:-1"},"canonical":"https:\/\/www.kinatex.com\/en\/contact-us\/","og_locale":"en_US","og_type":"article","og_title":"Contact Us - Kinatex Sports Physio - Help & Customer Service","og_description":"Need help or information from Kinatex Sports Physio? Please contact us by phone, e-mail or via the form.","og_url":"https:\/\/www.kinatex.com\/en\/contact-us\/","og_site_name":"Kinatex Sports Physio","article_publisher":"https:\/\/www.facebook.com\/Kinatex","article_modified_time":"2025-04-03T15:36:17+00:00","og_image":[{"width":420,"height":540,"url":"https:\/\/www.kinatex.com\/wp-content\/uploads\/2025\/04\/page-carriere-coordo-1.jpg","type":"image\/jpeg"}],"twitter_card":"summary_large_image","twitter_misc":{"Est. reading time":"1 minute"},"schema":{"@context":"https:\/\/schema.org","@graph":[{"@type":"WebPage","@id":"https:\/\/www.kinatex.com\/en\/contact-us\/","url":"https:\/\/www.kinatex.com\/en\/contact-us\/","name":"Contact Us - Kinatex Sports Physio - Help & Customer Service","isPartOf":{"@id":"https:\/\/www.kinatex.com\/en\/#website"},"primaryImageOfPage":{"@id":"https:\/\/www.kinatex.com\/en\/contact-us\/#primaryimage"},"image":{"@id":"https:\/\/www.kinatex.com\/en\/contact-us\/#primaryimage"},"thumbnailUrl":"https:\/\/www.kinatex.com\/wp-content\/uploads\/2025\/04\/page-carriere-coordo-1.jpg","datePublished":"2024-05-08T17:04:31+00:00","dateModified":"2025-04-03T15:36:17+00:00","description":"Need help or information from Kinatex Sports Physio? Please contact us by phone, e-mail or via the form.","breadcrumb":{"@id":"https:\/\/www.kinatex.com\/en\/contact-us\/#breadcrumb"},"inLanguage":"en-US","potentialAction":[{"@type":"ReadAction","target":["https:\/\/www.kinatex.com\/en\/contact-us\/"]}]},{"@type":"ImageObject","inLanguage":"en-US","@id":"https:\/\/www.kinatex.com\/en\/contact-us\/#primaryimage","url":"https:\/\/www.kinatex.com\/wp-content\/uploads\/2025\/04\/page-carriere-coordo-1.jpg","contentUrl":"https:\/\/www.kinatex.com\/wp-content\/uploads\/2025\/04\/page-carriere-coordo-1.jpg","width":420,"height":540,"caption":"D\u00e9couvrez les programmes et les avantages de carri\u00e8res chez Kinatex Sports Physio, Qu\u00e9bec et Ontario."},{"@type":"BreadcrumbList","@id":"https:\/\/www.kinatex.com\/en\/contact-us\/#breadcrumb","itemListElement":[{"@type":"ListItem","position":1,"name":"Accueil","item":"https:\/\/www.kinatex.com\/en\/"},{"@type":"ListItem","position":2,"name":"Contact Us"}]},{"@type":"WebSite","@id":"https:\/\/www.kinatex.com\/en\/#website","url":"https:\/\/www.kinatex.com\/en\/","name":"Kinatex Sports Physio","description":"","publisher":{"@id":"https:\/\/www.kinatex.com\/en\/#organization"},"potentialAction":[{"@type":"SearchAction","target":{"@type":"EntryPoint","urlTemplate":"https:\/\/www.kinatex.com\/en\/?s={search_term_string}"},"query-input":{"@type":"PropertyValueSpecification","valueRequired":true,"valueName":"search_term_string"}}],"inLanguage":"en-US"},{"@type":"Organization","@id":"https:\/\/www.kinatex.com\/en\/#organization","name":"Kinatex Sports Physio","url":"https:\/\/www.kinatex.com\/en\/","logo":{"@type":"ImageObject","inLanguage":"en-US","@id":"https:\/\/www.kinatex.com\/en\/#\/schema\/logo\/image\/","url":"https:\/\/www.kinatex.com\/wp-content\/uploads\/2024\/04\/logo-kinatex.png","contentUrl":"https:\/\/www.kinatex.com\/wp-content\/uploads\/2024\/04\/logo-kinatex.png","width":286,"height":51,"caption":"Kinatex Sports Physio"},"image":{"@id":"https:\/\/www.kinatex.com\/en\/#\/schema\/logo\/image\/"},"sameAs":["https:\/\/www.facebook.com\/Kinatex","https:\/\/www.instagram.com\/kinatexsportsphysio\/","https:\/\/www.linkedin.com\/company\/kinatex\/","https:\/\/www.youtube.com\/c\/KinatexSportsPhysio"]}]}},"_links":{"self":[{"href":"https:\/\/www.kinatex.com\/en\/wp-json\/wp\/v2\/pages\/4825","targetHints":{"allow":["GET"]}}],"collection":[{"href":"https:\/\/www.kinatex.com\/en\/wp-json\/wp\/v2\/pages"}],"about":[{"href":"https:\/\/www.kinatex.com\/en\/wp-json\/wp\/v2\/types\/page"}],"author":[{"embeddable":true,"href":"https:\/\/www.kinatex.com\/en\/wp-json\/wp\/v2\/users\/2"}],"replies":[{"embeddable":true,"href":"https:\/\/www.kinatex.com\/en\/wp-json\/wp\/v2\/comments?post=4825"}],"version-history":[{"count":20,"href":"https:\/\/www.kinatex.com\/en\/wp-json\/wp\/v2\/pages\/4825\/revisions"}],"predecessor-version":[{"id":10480,"href":"https:\/\/www.kinatex.com\/en\/wp-json\/wp\/v2\/pages\/4825\/revisions\/10480"}],"wp:featuredmedia":[{"embeddable":true,"href":"https:\/\/www.kinatex.com\/en\/wp-json\/wp\/v2\/media\/10468"}],"wp:attachment":[{"href":"https:\/\/www.kinatex.com\/en\/wp-json\/wp\/v2\/media?parent=4825"}],"curies":[{"name":"wp","href":"https:\/\/api.w.org\/{rel}","templated":true}]}}